{"id":131,"date":"2011-05-28T16:34:02","date_gmt":"2011-05-28T16:34:02","guid":{"rendered":"http:\/\/swestone.se\/?page_id=131"},"modified":"2014-06-30T18:58:47","modified_gmt":"2014-06-30T16:58:47","slug":"gymmet","status":"publish","type":"page","link":"https:\/\/shapeup.se\/?page_id=131","title":{"rendered":"Bildgalleri"},"content":{"rendered":"<p>Moderna maskiner i kombination med mycket fria vikter g\u00f6r v\u00e5rt gym popul\u00e4rt. En plats d\u00e4r alla trivs\u00a0oberoende\u00a0av m\u00e5ls\u00e4ttning, \u00e5lder och tr\u00e4ningsstatus. H\u00e4r \u00e4r lite blandade exempel p\u00e5 hur det kan se ut.<\/p>\n<p><a href=\"https:\/\/media.shapeup.se\/2011\/05\/ShapeUp-9624w.jpg\"><img loading=\"lazy\" decoding=\"async\" class=\"alignleft size-full wp-image-881\" title=\"ShapeUp-9624w\" src=\"https:\/\/media.shapeup.se\/2011\/05\/ShapeUp-9624w.jpg\" alt=\"\" width=\"600\" height=\"499\" srcset=\"https:\/\/media.shapeup.se\/2011\/05\/ShapeUp-9624w.jpg 600w, https:\/\/media.shapeup.se\/2011\/05\/ShapeUp-9624w-300x249.jpg 300w, https:\/\/media.shapeup.se\/2011\/05\/ShapeUp-9624w-360x300.jpg 360w\" sizes=\"auto, (max-width: 600px) 100vw, 600px\" \/><\/a><\/p>\n<p><a href=\"https:\/\/media.shapeup.se\/2011\/05\/ShapeUp-9628w.jpg\"><img loading=\"lazy\" decoding=\"async\" class=\"alignleft size-full wp-image-880\" title=\"ShapeUp-9628w\" src=\"https:\/\/media.shapeup.se\/2011\/05\/ShapeUp-9628w.jpg\" alt=\"\" width=\"600\" height=\"469\" srcset=\"https:\/\/media.shapeup.se\/2011\/05\/ShapeUp-9628w.jpg 600w, https:\/\/media.shapeup.se\/2011\/05\/ShapeUp-9628w-300x234.jpg 300w, https:\/\/media.shapeup.se\/2011\/05\/ShapeUp-9628w-383x300.jpg 383w\" sizes=\"auto, (max-width: 600px) 100vw, 600px\" \/><\/a><\/p>\n<p><a href=\"https:\/\/media.shapeup.se\/2011\/05\/ShapeUp-9639w.jpg\"><br \/>\n<\/a><\/p>\n<p><a href=\"https:\/\/media.shapeup.se\/2011\/05\/ShapeUp-9690w.jpg\"><img loading=\"lazy\" decoding=\"async\" title=\"ShapeUp-9690w\" src=\"https:\/\/media.shapeup.se\/2011\/05\/ShapeUp-9690w.jpg\" alt=\"\" width=\"600\" height=\"473\" \/><\/a><\/p>\n<p><a href=\"https:\/\/media.shapeup.se\/2011\/05\/ShapeUp-9649w.jpg\"><img loading=\"lazy\" decoding=\"async\" class=\"alignleft size-full wp-image-878\" title=\"ShapeUp-9649w\" src=\"https:\/\/media.shapeup.se\/2011\/05\/ShapeUp-9649w.jpg\" alt=\"\" width=\"600\" height=\"389\" srcset=\"https:\/\/media.shapeup.se\/2011\/05\/ShapeUp-9649w.jpg 600w, https:\/\/media.shapeup.se\/2011\/05\/ShapeUp-9649w-300x194.jpg 300w, https:\/\/media.shapeup.se\/2011\/05\/ShapeUp-9649w-462x300.jpg 462w\" sizes=\"auto, (max-width: 600px) 100vw, 600px\" \/><\/a><br \/>\n<a href=\"https:\/\/media.shapeup.se\/2011\/05\/Malin_0126.jpg\"><img loading=\"lazy\" decoding=\"async\" class=\"alignleft size-large wp-image-830\" title=\"Malin_0126\" src=\"https:\/\/media.shapeup.se\/2011\/05\/Malin_0126-1024x683.jpg\" alt=\"\" width=\"584\" height=\"389\" srcset=\"https:\/\/media.shapeup.se\/2011\/05\/Malin_0126-1024x683.jpg 1024w, https:\/\/media.shapeup.se\/2011\/05\/Malin_0126-300x200.jpg 300w, https:\/\/media.shapeup.se\/2011\/05\/Malin_0126-449x300.jpg 449w\" sizes=\"auto, (max-width: 584px) 100vw, 584px\" \/><\/a><\/p>\n<p><a href=\"https:\/\/media.shapeup.se\/2011\/05\/ShapeUp-9695w1.jpg\"><img loading=\"lazy\" decoding=\"async\" class=\"alignleft size-full wp-image-876\" title=\"ShapeUp-9695w\" src=\"https:\/\/media.shapeup.se\/2011\/05\/ShapeUp-9695w1.jpg\" alt=\"\" width=\"600\" height=\"397\" srcset=\"https:\/\/media.shapeup.se\/2011\/05\/ShapeUp-9695w1.jpg 600w, https:\/\/media.shapeup.se\/2011\/05\/ShapeUp-9695w1-300x198.jpg 300w, https:\/\/media.shapeup.se\/2011\/05\/ShapeUp-9695w1-453x300.jpg 453w\" sizes=\"auto, (max-width: 600px) 100vw, 600px\" \/><\/a><\/p>\n<p>&nbsp;<\/p>\n<p><a href=\"https:\/\/media.shapeup.se\/2011\/05\/9202.jpg\"><img loading=\"lazy\" decoding=\"async\" class=\"alignleft size-full wp-image-831\" title=\"Shape Up 9202\" src=\"https:\/\/media.shapeup.se\/2011\/05\/9202.jpg\" alt=\"\" width=\"709\" height=\"469\" srcset=\"https:\/\/media.shapeup.se\/2011\/05\/9202.jpg 709w, https:\/\/media.shapeup.se\/2011\/05\/9202-300x198.jpg 300w, https:\/\/media.shapeup.se\/2011\/05\/9202-453x300.jpg 453w\" sizes=\"auto, (max-width: 709px) 100vw, 709px\" \/><\/a><\/p>\n<p><a href=\"https:\/\/media.shapeup.se\/2011\/05\/9205.jpg\"><img loading=\"lazy\" decoding=\"async\" class=\"alignleft size-full wp-image-832\" title=\"Shape Up 9205\" src=\"https:\/\/media.shapeup.se\/2011\/05\/9205.jpg\" alt=\"\" width=\"709\" height=\"469\" srcset=\"https:\/\/media.shapeup.se\/2011\/05\/9205.jpg 709w, https:\/\/media.shapeup.se\/2011\/05\/9205-300x198.jpg 300w, https:\/\/media.shapeup.se\/2011\/05\/9205-453x300.jpg 453w\" sizes=\"auto, (max-width: 709px) 100vw, 709px\" \/><\/a><\/p>\n<p><a href=\"https:\/\/media.shapeup.se\/2011\/05\/9207.jpg\"><img loading=\"lazy\" decoding=\"async\" class=\"alignleft size-full wp-image-833\" title=\"Shape Up9207\" src=\"https:\/\/media.shapeup.se\/2011\/05\/9207.jpg\" alt=\"\" width=\"709\" height=\"469\" srcset=\"https:\/\/media.shapeup.se\/2011\/05\/9207.jpg 709w, https:\/\/media.shapeup.se\/2011\/05\/9207-300x198.jpg 300w, https:\/\/media.shapeup.se\/2011\/05\/9207-453x300.jpg 453w\" sizes=\"auto, (max-width: 709px) 100vw, 709px\" \/><\/a><\/p>\n<p><a href=\"https:\/\/media.shapeup.se\/2011\/05\/9208.jpg\"><img loading=\"lazy\" decoding=\"async\" class=\"alignleft size-full wp-image-834\" title=\"Shape Up 9208\" src=\"https:\/\/media.shapeup.se\/2011\/05\/9208.jpg\" alt=\"\" width=\"709\" height=\"469\" srcset=\"https:\/\/media.shapeup.se\/2011\/05\/9208.jpg 709w, https:\/\/media.shapeup.se\/2011\/05\/9208-300x198.jpg 300w, https:\/\/media.shapeup.se\/2011\/05\/9208-453x300.jpg 453w\" sizes=\"auto, (max-width: 709px) 100vw, 709px\" \/><\/a><\/p>\n<p><a href=\"https:\/\/media.shapeup.se\/2011\/05\/9209.jpg\"><img loading=\"lazy\" decoding=\"async\" class=\"alignleft size-full wp-image-835\" title=\"Shape Up 9209\" src=\"https:\/\/media.shapeup.se\/2011\/05\/9209.jpg\" alt=\"\" width=\"709\" height=\"469\" srcset=\"https:\/\/media.shapeup.se\/2011\/05\/9209.jpg 709w, https:\/\/media.shapeup.se\/2011\/05\/9209-300x198.jpg 300w, https:\/\/media.shapeup.se\/2011\/05\/9209-453x300.jpg 453w\" sizes=\"auto, (max-width: 709px) 100vw, 709px\" \/><\/a><\/p>\n<p><a href=\"https:\/\/media.shapeup.se\/2011\/05\/9210.jpg\"><img loading=\"lazy\" decoding=\"async\" class=\"alignleft size-full wp-image-836\" title=\"Shape Up 9210\" src=\"https:\/\/media.shapeup.se\/2011\/05\/9210.jpg\" alt=\"\" width=\"709\" height=\"469\" srcset=\"https:\/\/media.shapeup.se\/2011\/05\/9210.jpg 709w, https:\/\/media.shapeup.se\/2011\/05\/9210-300x198.jpg 300w, https:\/\/media.shapeup.se\/2011\/05\/9210-453x300.jpg 453w\" sizes=\"auto, (max-width: 709px) 100vw, 709px\" \/><\/a><\/p>\n<p><a href=\"https:\/\/media.shapeup.se\/2011\/05\/ShapeUp-9639w.jpg\"><img loading=\"lazy\" decoding=\"async\" title=\"ShapeUp-9639w\" src=\"https:\/\/media.shapeup.se\/2011\/05\/ShapeUp-9639w.jpg\" alt=\"\" width=\"600\" height=\"406\" \/><\/a><a href=\"https:\/\/media.shapeup.se\/2012\/08\/DSC_5465.jpg\"><img loading=\"lazy\" decoding=\"async\" title=\"DSC_5465\" src=\"https:\/\/media.shapeup.se\/2012\/08\/DSC_5465-1024x678.jpg\" alt=\"\" width=\"584\" height=\"386\" \/><\/a><\/p>\n<p><a href=\"https:\/\/media.shapeup.se\/2012\/08\/DSC_5478.jpg\"><img loading=\"lazy\" decoding=\"async\" title=\"DSC_5478\" src=\"https:\/\/media.shapeup.se\/2012\/08\/DSC_5478-1024x678.jpg\" alt=\"\" width=\"584\" height=\"386\" \/><\/a><\/p>\n<p><a href=\"https:\/\/media.shapeup.se\/2012\/08\/DSC_5472.jpg\"><img loading=\"lazy\" decoding=\"async\" title=\"DSC_5472\" src=\"https:\/\/media.shapeup.se\/2012\/08\/DSC_5472-1024x678.jpg\" alt=\"\" width=\"584\" height=\"386\" \/><\/a><\/p>\n<p><a href=\"https:\/\/media.shapeup.se\/2012\/08\/DSC_5483.jpg\"><img loading=\"lazy\" decoding=\"async\" title=\"DSC_5483\" src=\"https:\/\/media.shapeup.se\/2012\/08\/DSC_5483-1024x678.jpg\" alt=\"\" width=\"584\" height=\"386\" \/><\/a><\/p>\n<p><a href=\"https:\/\/media.shapeup.se\/2012\/08\/DSC_5535.jpg\"><img loading=\"lazy\" decoding=\"async\" title=\"DSC_5535\" src=\"https:\/\/media.shapeup.se\/2012\/08\/DSC_5535-1024x678.jpg\" alt=\"\" width=\"584\" height=\"386\" \/><\/a><\/p>\n<p><a href=\"https:\/\/media.shapeup.se\/2012\/08\/DSC_5496.jpg\"><img loading=\"lazy\" decoding=\"async\" title=\"DSC_5496\" src=\"https:\/\/media.shapeup.se\/2012\/08\/DSC_5496-1024x678.jpg\" alt=\"\" width=\"584\" height=\"386\" \/><\/a><\/p>\n<p><a href=\"https:\/\/media.shapeup.se\/2012\/08\/DSC_5519.jpg\"><img loading=\"lazy\" decoding=\"async\" title=\"DSC_5519\" src=\"https:\/\/media.shapeup.se\/2012\/08\/DSC_5519-1024x678.jpg\" alt=\"\" width=\"584\" height=\"386\" \/><\/a><\/p>\n<p><a href=\"https:\/\/media.shapeup.se\/2011\/05\/DSC_9029.jpg\"><img loading=\"lazy\" decoding=\"async\" class=\"alignleft size-full wp-image-579\" title=\"DSC_9029\" src=\"https:\/\/media.shapeup.se\/2011\/05\/DSC_9029.jpg\" alt=\"\" width=\"400\" height=\"268\" srcset=\"https:\/\/media.shapeup.se\/2011\/05\/DSC_9029.jpg 400w, https:\/\/media.shapeup.se\/2011\/05\/DSC_9029-300x201.jpg 300w\" sizes=\"auto, (max-width: 400px) 100vw, 400px\" \/><\/a><\/p>\n<p>&nbsp;<\/p>\n<p>&nbsp;<\/p>\n<p>&nbsp;<\/p>\n<p>&nbsp;<\/p>\n<p>&nbsp;<\/p>\n<p>&#8217;<\/p>\n<p>&nbsp;<\/p>\n<p><a href=\"https:\/\/media.shapeup.se\/2011\/05\/DSC_9065.jpg\"><img loading=\"lazy\" decoding=\"async\" title=\"DSC_9065\" src=\"https:\/\/media.shapeup.se\/2011\/05\/DSC_9065.jpg\" alt=\"\" width=\"400\" height=\"268\" \/><\/a><\/p>\n<p><a href=\"https:\/\/media.shapeup.se\/2011\/05\/DSC_9036.jpg\"><img loading=\"lazy\" decoding=\"async\" class=\"alignleft size-full wp-image-578\" title=\"DSC_9036\" src=\"https:\/\/media.shapeup.se\/2011\/05\/DSC_9036.jpg\" alt=\"\" width=\"400\" height=\"598\" srcset=\"https:\/\/media.shapeup.se\/2011\/05\/DSC_9036.jpg 400w, https:\/\/media.shapeup.se\/2011\/05\/DSC_9036-200x300.jpg 200w\" sizes=\"auto, (max-width: 400px) 100vw, 400px\" \/><\/a><\/p>\n<p>&nbsp;<\/p>\n<p>&nbsp;<\/p>\n<p><a href=\"https:\/\/media.shapeup.se\/2011\/05\/DSC_9038.jpg\"><img loading=\"lazy\" decoding=\"async\" class=\"alignleft size-full wp-image-577\" title=\"DSC_9038\" src=\"https:\/\/media.shapeup.se\/2011\/05\/DSC_9038.jpg\" alt=\"\" width=\"400\" height=\"268\" srcset=\"https:\/\/media.shapeup.se\/2011\/05\/DSC_9038.jpg 400w, https:\/\/media.shapeup.se\/2011\/05\/DSC_9038-300x201.jpg 300w\" sizes=\"auto, (max-width: 400px) 100vw, 400px\" \/><\/a><a href=\"https:\/\/media.shapeup.se\/2011\/05\/DSC_9040.jpg\"><img loading=\"lazy\" decoding=\"async\" class=\"alignleft size-full wp-image-576\" title=\"DSC_9040\" src=\"https:\/\/media.shapeup.se\/2011\/05\/DSC_9040.jpg\" alt=\"\" width=\"400\" height=\"268\" srcset=\"https:\/\/media.shapeup.se\/2011\/05\/DSC_9040.jpg 400w, https:\/\/media.shapeup.se\/2011\/05\/DSC_9040-300x201.jpg 300w\" sizes=\"auto, (max-width: 400px) 100vw, 400px\" \/><\/a><a href=\"https:\/\/media.shapeup.se\/2011\/05\/DSC_9041.jpg\"><img loading=\"lazy\" decoding=\"async\" class=\"alignleft size-full wp-image-575\" title=\"DSC_9041\" src=\"https:\/\/media.shapeup.se\/2011\/05\/DSC_9041.jpg\" alt=\"\" width=\"400\" height=\"268\" srcset=\"https:\/\/media.shapeup.se\/2011\/05\/DSC_9041.jpg 400w, https:\/\/media.shapeup.se\/2011\/05\/DSC_9041-300x201.jpg 300w\" sizes=\"auto, (max-width: 400px) 100vw, 400px\" \/><\/a><a href=\"https:\/\/media.shapeup.se\/2011\/05\/DSC_9047.jpg\"><img loading=\"lazy\" decoding=\"async\" class=\"alignleft size-full wp-image-573\" title=\"DSC_9047\" src=\"https:\/\/media.shapeup.se\/2011\/05\/DSC_9047.jpg\" alt=\"\" width=\"400\" height=\"298\" srcset=\"https:\/\/media.shapeup.se\/2011\/05\/DSC_9047.jpg 400w, https:\/\/media.shapeup.se\/2011\/05\/DSC_9047-300x223.jpg 300w\" sizes=\"auto, (max-width: 400px) 100vw, 400px\" \/><\/a><a href=\"https:\/\/media.shapeup.se\/2011\/05\/DSC_9050.jpg\"><img loading=\"lazy\" decoding=\"async\" class=\"alignleft size-full wp-image-572\" title=\"DSC_9050\" src=\"https:\/\/media.shapeup.se\/2011\/05\/DSC_9050.jpg\" alt=\"\" width=\"400\" height=\"226\" srcset=\"https:\/\/media.shapeup.se\/2011\/05\/DSC_9050.jpg 400w, https:\/\/media.shapeup.se\/2011\/05\/DSC_9050-300x169.jpg 300w\" sizes=\"auto, (max-width: 400px) 100vw, 400px\" \/><\/a><\/p>\n<p><a href=\"https:\/\/media.shapeup.se\/2011\/05\/gym_1.jpg\"><br \/>\n<\/a><a href=\"https:\/\/media.shapeup.se\/2011\/05\/DSC_9065.jpg\"><br \/>\n<\/a><a href=\"https:\/\/media.shapeup.se\/2011\/05\/DSC_9067.jpg\"><img loading=\"lazy\" decoding=\"async\" class=\"alignleft size-full wp-image-570\" title=\"DSC_9067\" src=\"https:\/\/media.shapeup.se\/2011\/05\/DSC_9067.jpg\" alt=\"\" width=\"400\" height=\"268\" srcset=\"https:\/\/media.shapeup.se\/2011\/05\/DSC_9067.jpg 400w, https:\/\/media.shapeup.se\/2011\/05\/DSC_9067-300x201.jpg 300w\" sizes=\"auto, (max-width: 400px) 100vw, 400px\" \/><\/a><a href=\"https:\/\/media.shapeup.se\/2011\/05\/DSC_9069.jpg\"><img loading=\"lazy\" decoding=\"async\" class=\"alignleft size-full wp-image-569\" title=\"DSC_9069\" src=\"https:\/\/media.shapeup.se\/2011\/05\/DSC_9069.jpg\" alt=\"\" width=\"400\" height=\"297\" srcset=\"https:\/\/media.shapeup.se\/2011\/05\/DSC_9069.jpg 400w, https:\/\/media.shapeup.se\/2011\/05\/DSC_9069-300x222.jpg 300w\" sizes=\"auto, (max-width: 400px) 100vw, 400px\" \/><\/a><\/p>\n<p><a href=\"https:\/\/media.shapeup.se\/2011\/05\/gymbild11.jpg\"><br \/>\n<\/a><\/p>\n<p>&nbsp;<\/p>\n<p>&nbsp;<\/p>\n","protected":false},"excerpt":{"rendered":"<p>Moderna maskiner i kombination med mycket fria vikter g\u00f6r v\u00e5rt gym popul\u00e4rt. En plats d\u00e4r alla trivs\u00a0oberoende\u00a0av m\u00e5ls\u00e4ttning, \u00e5lder och tr\u00e4ningsstatus. H\u00e4r \u00e4r lite blandade exempel p\u00e5 hur det kan se ut. &nbsp; &nbsp; &nbsp; &nbsp; &nbsp; &nbsp; &#8217; &nbsp; &hellip; <a href=\"https:\/\/shapeup.se\/?page_id=131\">Forts\u00e4tt l\u00e4sa <span class=\"meta-nav\">&rarr;<\/span><\/a><\/p>\n","protected":false},"author":1,"featured_media":0,"parent":0,"menu_order":0,"comment_status":"closed","ping_status":"closed","template":"","meta":{"_bbp_topic_count":0,"_bbp_reply_count":0,"_bbp_total_topic_count":0,"_bbp_total_reply_count":0,"_bbp_voice_count":0,"_bbp_anonymous_reply_count":0,"_bbp_topic_count_hidden":0,"_bbp_reply_count_hidden":0,"_bbp_forum_subforum_count":0,"footnotes":""},"class_list":["post-131","page","type-page","status-publish","hentry"],"_links":{"self":[{"href":"https:\/\/shapeup.se\/index.php?rest_route=\/wp\/v2\/pages\/131","targetHints":{"allow":["GET"]}}],"collection":[{"href":"https:\/\/shapeup.se\/index.php?rest_route=\/wp\/v2\/pages"}],"about":[{"href":"https:\/\/shapeup.se\/index.php?rest_route=\/wp\/v2\/types\/page"}],"author":[{"embeddable":true,"href":"https:\/\/shapeup.se\/index.php?rest_route=\/wp\/v2\/users\/1"}],"replies":[{"embeddable":true,"href":"https:\/\/shapeup.se\/index.php?rest_route=%2Fwp%2Fv2%2Fcomments&post=131"}],"version-history":[{"count":16,"href":"https:\/\/shapeup.se\/index.php?rest_route=\/wp\/v2\/pages\/131\/revisions"}],"predecessor-version":[{"id":1126,"href":"https:\/\/shapeup.se\/index.php?rest_route=\/wp\/v2\/pages\/131\/revisions\/1126"}],"wp:attachment":[{"href":"https:\/\/shapeup.se\/index.php?rest_route=%2Fwp%2Fv2%2Fmedia&parent=131"}],"curies":[{"name":"wp","href":"https:\/\/api.w.org\/{rel}","templated":true}]}}