{"id":162,"date":"2011-05-29T13:19:10","date_gmt":"2011-05-29T13:19:10","guid":{"rendered":"http:\/\/swestone.se\/?page_id=162"},"modified":"2023-03-30T16:27:34","modified_gmt":"2023-03-30T14:27:34","slug":"valkommen-till-shape-up","status":"publish","type":"page","link":"https:\/\/shapeup.se\/","title":{"rendered":"Styrka &#8211; kondition &#8211; grupptr\u00e4ning"},"content":{"rendered":"<h1 style=\"text-align: center;\">V\u00e4lkommen till gymmet!<\/h1>\n<p style=\"text-align: center;\"><a href=\"https:\/\/media.shapeup.se\/2022\/02\/ShapeUp-reception.jpg\"><img loading=\"lazy\" decoding=\"async\" class=\" wp-image-1992 aligncenter\" src=\"https:\/\/media.shapeup.se\/2022\/02\/ShapeUp-reception-296x300.jpg\" alt=\"\" width=\"406\" height=\"412\" srcset=\"https:\/\/media.shapeup.se\/2022\/02\/ShapeUp-reception-296x300.jpg 296w, https:\/\/media.shapeup.se\/2022\/02\/ShapeUp-reception.jpg 756w\" sizes=\"auto, (max-width: 406px) 100vw, 406px\" \/><\/a><\/p>\n<h1 style=\"text-align: center;\">Egen tr\u00e4ning och \/eller grupptr\u00e4ning<\/h1>\n<p style=\"text-align: center;\"><em><a href=\"https:\/\/shapeup.se\/?page_id=492\"><strong><span style=\"color: #000000;\">Se g\u00e4llande schema &gt;&gt;<\/span><\/strong><\/a><\/em><\/p>\n<h1 style=\"text-align: center;\"><em><span style=\"color: #000000;\"><a style=\"color: #000000;\" href=\"https:\/\/shapeup.goactivebooking.com\/\" target=\"_blank\" rel=\"noopener noreferrer\">Boka pass p\u00e5 bokningssidan &gt;&gt;<\/a><\/span><\/em><\/h1>\n<p style=\"text-align: center;\"><span style=\"color: #000000;\"><strong><em><a style=\"color: #000000;\" href=\"https:\/\/shapeup.se\/?page_id=1947\">Om Bokningsappen &gt;&gt;<\/a><\/em><\/strong><\/span><\/p>\n<p>&nbsp;<\/p>\n<p>&nbsp;<\/p>\n\n<div id=\"sb_instagram\"  class=\"sbi sbi_mob_col_1 sbi_tab_col_2 sbi_col_4 sbi_fixed_height\" style=\"padding-bottom: 10px; width: 90%; height: 50%;\"\t data-feedid=\"*1\"  data-res=\"auto\" data-cols=\"4\" data-colsmobile=\"1\" data-colstablet=\"2\" data-num=\"4\" data-nummobile=\"\" data-item-padding=\"5\"\t data-shortcode-atts=\"{&quot;feed&quot;:&quot;1&quot;}\"  data-postid=\"162\" data-locatornonce=\"76ab706f7e\" data-imageaspectratio=\"1:1\" data-sbi-flags=\"favorLocal,gdpr,overrideBlockCDN\">\n\t<div class=\"sb_instagram_header \"   >\n\t<a class=\"sbi_header_link\" target=\"_blank\"\n\t   rel=\"nofollow noopener\" href=\"https:\/\/www.instagram.com\/shapeuptranas\/\" title=\"@shapeuptranas\">\n\t\t<div class=\"sbi_header_text sbi_no_bio\">\n\t\t\t<div class=\"sbi_header_img\"  data-avatar-url=\"https:\/\/scontent.cdninstagram.com\/v\/t51.2885-19\/11055450_412259558974422_1517964524_a.jpg?_nc_cat=106&amp;ccb=7-5&amp;_nc_sid=bf7eb4&amp;efg=eyJ2ZW5jb2RlX3RhZyI6InByb2ZpbGVfcGljLnd3dy4xNTAuQzMifQ%3D%3D&amp;_nc_ohc=YjAlXD0IaTwQ7kNvwF7WQ2y&amp;_nc_oc=AdpGjJgbyeGkL6D6Bk9XeOSmTfFd7T3OOv_4VIH6aU_m54w7izTUqssgOOJN3TfuD_Y&amp;_nc_zt=24&amp;_nc_ht=scontent.cdninstagram.com&amp;edm=AP4hL3IEAAAA&amp;_nc_tpa=Q5bMBQHO5H5F3ggIqK_Owvs9w5f1k2QZ59k8Kv1AQVW5ubjn5xJLL_WhhDVZi0ty0iu8q451ZSH09yEHsg&amp;oh=00_Af4OEoAdJv9_6VqFH7ju6u547QxkVuEpILVyif7SfgK87Q&amp;oe=6A0A4DDA\">\n\t\t\t\t\t\t\t\t\t<div class=\"sbi_header_img_hover\"  ><svg class=\"sbi_new_logo fa-instagram fa-w-14\" aria-hidden=\"true\" data-fa-processed=\"\" aria-label=\"Instagram\" data-prefix=\"fab\" data-icon=\"instagram\" role=\"img\" viewBox=\"0 0 448 512\">\n                    <path fill=\"currentColor\" d=\"M224.1 141c-63.6 0-114.9 51.3-114.9 114.9s51.3 114.9 114.9 114.9S339 319.5 339 255.9 287.7 141 224.1 141zm0 189.6c-41.1 0-74.7-33.5-74.7-74.7s33.5-74.7 74.7-74.7 74.7 33.5 74.7 74.7-33.6 74.7-74.7 74.7zm146.4-194.3c0 14.9-12 26.8-26.8 26.8-14.9 0-26.8-12-26.8-26.8s12-26.8 26.8-26.8 26.8 12 26.8 26.8zm76.1 27.2c-1.7-35.9-9.9-67.7-36.2-93.9-26.2-26.2-58-34.4-93.9-36.2-37-2.1-147.9-2.1-184.9 0-35.8 1.7-67.6 9.9-93.9 36.1s-34.4 58-36.2 93.9c-2.1 37-2.1 147.9 0 184.9 1.7 35.9 9.9 67.7 36.2 93.9s58 34.4 93.9 36.2c37 2.1 147.9 2.1 184.9 0 35.9-1.7 67.7-9.9 93.9-36.2 26.2-26.2 34.4-58 36.2-93.9 2.1-37 2.1-147.8 0-184.8zM398.8 388c-7.8 19.6-22.9 34.7-42.6 42.6-29.5 11.7-99.5 9-132.1 9s-102.7 2.6-132.1-9c-19.6-7.8-34.7-22.9-42.6-42.6-11.7-29.5-9-99.5-9-132.1s-2.6-102.7 9-132.1c7.8-19.6 22.9-34.7 42.6-42.6 29.5-11.7 99.5-9 132.1-9s102.7-2.6 132.1 9c19.6 7.8 34.7 22.9 42.6 42.6 11.7 29.5 9 99.5 9 132.1s2.7 102.7-9 132.1z\"><\/path>\n                <\/svg><\/div>\n\t\t\t\t\t<img loading=\"lazy\" decoding=\"async\"  src=\"https:\/\/shapeup.se\/wp-content\/plugins\/instagram-feed\/img\/thumb-placeholder.png\" alt=\"\" width=\"50\" height=\"50\">\n\t\t\t\t\n\t\t\t\t\t\t\t<\/div>\n\n\t\t\t<div class=\"sbi_feedtheme_header_text\">\n\t\t\t\t<h3>shapeuptranas<\/h3>\n\t\t\t\t\t\t\t<\/div>\n\t\t<\/div>\n\t<\/a>\n<\/div>\n\n\t<div id=\"sbi_images\"  style=\"gap: 10px;\">\n\t\t<div class=\"sbi_item sbi_type_image sbi_new sbi_transition\"\n\tid=\"sbi_18062618681343659\" data-date=\"1775150922\">\n\t<div class=\"sbi_photo_wrap\">\n\t\t<a class=\"sbi_photo\" href=\"https:\/\/www.instagram.com\/p\/DWoz7I1CIKI\/\" target=\"_blank\" rel=\"noopener nofollow\"\n\t\t\tdata-full-res=\"https:\/\/scontent.cdninstagram.com\/v\/t51.82787-15\/660538798_18579328684006916_3482763641452020453_n.jpg?stp=dst-jpg_e35_tt6&#038;_nc_cat=101&#038;ccb=7-5&#038;_nc_sid=18de74&#038;efg=eyJlZmdfdGFnIjoiRkVFRC5iZXN0X2ltYWdlX3VybGdlbi5DMyJ9&#038;_nc_ohc=xPwyO_u5PyAQ7kNvwGJZeob&#038;_nc_oc=AdocLKqc2QCxhil7RiFc_k54Oxm9gaV-y2ZOTdV9AZXzFBN-ibCx46Y0JAJDzujbMfM&#038;_nc_zt=23&#038;_nc_ht=scontent.cdninstagram.com&#038;edm=ANo9K5cEAAAA&#038;_nc_gid=EJSJPwlEAQ3kkbAfiLiV_w&#038;_nc_tpa=Q5bMBQG5MZ4vfMHqlBamc7RenxeLP8yUQTV-1cEIffD33rD3aN5JMy6frJLUzqWlNjj9H03Zseq0ALbACw&#038;oh=00_Af7WHZcRO6NDukTmvCOOh7bREDYweJLqj1MlGpTG4vw9aw&#038;oe=6A0A5573\"\n\t\t\tdata-img-src-set=\"{&quot;d&quot;:&quot;https:\\\/\\\/scontent.cdninstagram.com\\\/v\\\/t51.82787-15\\\/660538798_18579328684006916_3482763641452020453_n.jpg?stp=dst-jpg_e35_tt6&amp;_nc_cat=101&amp;ccb=7-5&amp;_nc_sid=18de74&amp;efg=eyJlZmdfdGFnIjoiRkVFRC5iZXN0X2ltYWdlX3VybGdlbi5DMyJ9&amp;_nc_ohc=xPwyO_u5PyAQ7kNvwGJZeob&amp;_nc_oc=AdocLKqc2QCxhil7RiFc_k54Oxm9gaV-y2ZOTdV9AZXzFBN-ibCx46Y0JAJDzujbMfM&amp;_nc_zt=23&amp;_nc_ht=scontent.cdninstagram.com&amp;edm=ANo9K5cEAAAA&amp;_nc_gid=EJSJPwlEAQ3kkbAfiLiV_w&amp;_nc_tpa=Q5bMBQG5MZ4vfMHqlBamc7RenxeLP8yUQTV-1cEIffD33rD3aN5JMy6frJLUzqWlNjj9H03Zseq0ALbACw&amp;oh=00_Af7WHZcRO6NDukTmvCOOh7bREDYweJLqj1MlGpTG4vw9aw&amp;oe=6A0A5573&quot;,&quot;150&quot;:&quot;https:\\\/\\\/scontent.cdninstagram.com\\\/v\\\/t51.82787-15\\\/660538798_18579328684006916_3482763641452020453_n.jpg?stp=dst-jpg_e35_tt6&amp;_nc_cat=101&amp;ccb=7-5&amp;_nc_sid=18de74&amp;efg=eyJlZmdfdGFnIjoiRkVFRC5iZXN0X2ltYWdlX3VybGdlbi5DMyJ9&amp;_nc_ohc=xPwyO_u5PyAQ7kNvwGJZeob&amp;_nc_oc=AdocLKqc2QCxhil7RiFc_k54Oxm9gaV-y2ZOTdV9AZXzFBN-ibCx46Y0JAJDzujbMfM&amp;_nc_zt=23&amp;_nc_ht=scontent.cdninstagram.com&amp;edm=ANo9K5cEAAAA&amp;_nc_gid=EJSJPwlEAQ3kkbAfiLiV_w&amp;_nc_tpa=Q5bMBQG5MZ4vfMHqlBamc7RenxeLP8yUQTV-1cEIffD33rD3aN5JMy6frJLUzqWlNjj9H03Zseq0ALbACw&amp;oh=00_Af7WHZcRO6NDukTmvCOOh7bREDYweJLqj1MlGpTG4vw9aw&amp;oe=6A0A5573&quot;,&quot;320&quot;:&quot;https:\\\/\\\/scontent.cdninstagram.com\\\/v\\\/t51.82787-15\\\/660538798_18579328684006916_3482763641452020453_n.jpg?stp=dst-jpg_e35_tt6&amp;_nc_cat=101&amp;ccb=7-5&amp;_nc_sid=18de74&amp;efg=eyJlZmdfdGFnIjoiRkVFRC5iZXN0X2ltYWdlX3VybGdlbi5DMyJ9&amp;_nc_ohc=xPwyO_u5PyAQ7kNvwGJZeob&amp;_nc_oc=AdocLKqc2QCxhil7RiFc_k54Oxm9gaV-y2ZOTdV9AZXzFBN-ibCx46Y0JAJDzujbMfM&amp;_nc_zt=23&amp;_nc_ht=scontent.cdninstagram.com&amp;edm=ANo9K5cEAAAA&amp;_nc_gid=EJSJPwlEAQ3kkbAfiLiV_w&amp;_nc_tpa=Q5bMBQG5MZ4vfMHqlBamc7RenxeLP8yUQTV-1cEIffD33rD3aN5JMy6frJLUzqWlNjj9H03Zseq0ALbACw&amp;oh=00_Af7WHZcRO6NDukTmvCOOh7bREDYweJLqj1MlGpTG4vw9aw&amp;oe=6A0A5573&quot;,&quot;640&quot;:&quot;https:\\\/\\\/scontent.cdninstagram.com\\\/v\\\/t51.82787-15\\\/660538798_18579328684006916_3482763641452020453_n.jpg?stp=dst-jpg_e35_tt6&amp;_nc_cat=101&amp;ccb=7-5&amp;_nc_sid=18de74&amp;efg=eyJlZmdfdGFnIjoiRkVFRC5iZXN0X2ltYWdlX3VybGdlbi5DMyJ9&amp;_nc_ohc=xPwyO_u5PyAQ7kNvwGJZeob&amp;_nc_oc=AdocLKqc2QCxhil7RiFc_k54Oxm9gaV-y2ZOTdV9AZXzFBN-ibCx46Y0JAJDzujbMfM&amp;_nc_zt=23&amp;_nc_ht=scontent.cdninstagram.com&amp;edm=ANo9K5cEAAAA&amp;_nc_gid=EJSJPwlEAQ3kkbAfiLiV_w&amp;_nc_tpa=Q5bMBQG5MZ4vfMHqlBamc7RenxeLP8yUQTV-1cEIffD33rD3aN5JMy6frJLUzqWlNjj9H03Zseq0ALbACw&amp;oh=00_Af7WHZcRO6NDukTmvCOOh7bREDYweJLqj1MlGpTG4vw9aw&amp;oe=6A0A5573&quot;}\">\n\t\t\t<span class=\"sbi-screenreader\">Instagram post 18062618681343659<\/span>\n\t\t\t\t\t\t\t\t\t<img decoding=\"async\" src=\"https:\/\/shapeup.se\/wp-content\/plugins\/instagram-feed\/img\/placeholder.png\" alt=\"Instagram post 18062618681343659\" aria-hidden=\"true\">\n\t\t<\/a>\n\t<\/div>\n<\/div><div class=\"sbi_item sbi_type_image sbi_new sbi_transition\"\n\tid=\"sbi_18197217640331146\" data-date=\"1767719269\">\n\t<div class=\"sbi_photo_wrap\">\n\t\t<a class=\"sbi_photo\" href=\"https:\/\/www.instagram.com\/p\/DTLVK3vCLUw\/\" target=\"_blank\" rel=\"noopener nofollow\"\n\t\t\tdata-full-res=\"https:\/\/scontent.cdninstagram.com\/v\/t51.82787-15\/611267816_18553330360006916_8764954758050877871_n.jpg?stp=dst-jpg_e35_tt6&#038;_nc_cat=100&#038;ccb=7-5&#038;_nc_sid=18de74&#038;efg=eyJlZmdfdGFnIjoiRkVFRC5iZXN0X2ltYWdlX3VybGdlbi5DMyJ9&#038;_nc_ohc=nXfJN0JYVBQQ7kNvwEiykkG&#038;_nc_oc=AdoR4WxQNxOhF84bAg0pf0wl4Vodv4U5wPwFfaG3t8nCU2RHwyLdN_Mqu3OQvJ7Prik&#038;_nc_zt=23&#038;_nc_ht=scontent.cdninstagram.com&#038;edm=ANo9K5cEAAAA&#038;_nc_gid=EJSJPwlEAQ3kkbAfiLiV_w&#038;_nc_tpa=Q5bMBQFmb1xKGCjv9jqWssx9mRozKDb753uMsiC2Kzrusqh3YiGnkJqfI2Vh7ENmNajUkf6sS2GvREr2Fg&#038;oh=00_Af7oYmXxUHqKfC_RCr67WRrwgvGYfquAZgDH8to0-GlM5g&#038;oe=6A0A4FCD\"\n\t\t\tdata-img-src-set=\"{&quot;d&quot;:&quot;https:\\\/\\\/scontent.cdninstagram.com\\\/v\\\/t51.82787-15\\\/611267816_18553330360006916_8764954758050877871_n.jpg?stp=dst-jpg_e35_tt6&amp;_nc_cat=100&amp;ccb=7-5&amp;_nc_sid=18de74&amp;efg=eyJlZmdfdGFnIjoiRkVFRC5iZXN0X2ltYWdlX3VybGdlbi5DMyJ9&amp;_nc_ohc=nXfJN0JYVBQQ7kNvwEiykkG&amp;_nc_oc=AdoR4WxQNxOhF84bAg0pf0wl4Vodv4U5wPwFfaG3t8nCU2RHwyLdN_Mqu3OQvJ7Prik&amp;_nc_zt=23&amp;_nc_ht=scontent.cdninstagram.com&amp;edm=ANo9K5cEAAAA&amp;_nc_gid=EJSJPwlEAQ3kkbAfiLiV_w&amp;_nc_tpa=Q5bMBQFmb1xKGCjv9jqWssx9mRozKDb753uMsiC2Kzrusqh3YiGnkJqfI2Vh7ENmNajUkf6sS2GvREr2Fg&amp;oh=00_Af7oYmXxUHqKfC_RCr67WRrwgvGYfquAZgDH8to0-GlM5g&amp;oe=6A0A4FCD&quot;,&quot;150&quot;:&quot;https:\\\/\\\/scontent.cdninstagram.com\\\/v\\\/t51.82787-15\\\/611267816_18553330360006916_8764954758050877871_n.jpg?stp=dst-jpg_e35_tt6&amp;_nc_cat=100&amp;ccb=7-5&amp;_nc_sid=18de74&amp;efg=eyJlZmdfdGFnIjoiRkVFRC5iZXN0X2ltYWdlX3VybGdlbi5DMyJ9&amp;_nc_ohc=nXfJN0JYVBQQ7kNvwEiykkG&amp;_nc_oc=AdoR4WxQNxOhF84bAg0pf0wl4Vodv4U5wPwFfaG3t8nCU2RHwyLdN_Mqu3OQvJ7Prik&amp;_nc_zt=23&amp;_nc_ht=scontent.cdninstagram.com&amp;edm=ANo9K5cEAAAA&amp;_nc_gid=EJSJPwlEAQ3kkbAfiLiV_w&amp;_nc_tpa=Q5bMBQFmb1xKGCjv9jqWssx9mRozKDb753uMsiC2Kzrusqh3YiGnkJqfI2Vh7ENmNajUkf6sS2GvREr2Fg&amp;oh=00_Af7oYmXxUHqKfC_RCr67WRrwgvGYfquAZgDH8to0-GlM5g&amp;oe=6A0A4FCD&quot;,&quot;320&quot;:&quot;https:\\\/\\\/scontent.cdninstagram.com\\\/v\\\/t51.82787-15\\\/611267816_18553330360006916_8764954758050877871_n.jpg?stp=dst-jpg_e35_tt6&amp;_nc_cat=100&amp;ccb=7-5&amp;_nc_sid=18de74&amp;efg=eyJlZmdfdGFnIjoiRkVFRC5iZXN0X2ltYWdlX3VybGdlbi5DMyJ9&amp;_nc_ohc=nXfJN0JYVBQQ7kNvwEiykkG&amp;_nc_oc=AdoR4WxQNxOhF84bAg0pf0wl4Vodv4U5wPwFfaG3t8nCU2RHwyLdN_Mqu3OQvJ7Prik&amp;_nc_zt=23&amp;_nc_ht=scontent.cdninstagram.com&amp;edm=ANo9K5cEAAAA&amp;_nc_gid=EJSJPwlEAQ3kkbAfiLiV_w&amp;_nc_tpa=Q5bMBQFmb1xKGCjv9jqWssx9mRozKDb753uMsiC2Kzrusqh3YiGnkJqfI2Vh7ENmNajUkf6sS2GvREr2Fg&amp;oh=00_Af7oYmXxUHqKfC_RCr67WRrwgvGYfquAZgDH8to0-GlM5g&amp;oe=6A0A4FCD&quot;,&quot;640&quot;:&quot;https:\\\/\\\/scontent.cdninstagram.com\\\/v\\\/t51.82787-15\\\/611267816_18553330360006916_8764954758050877871_n.jpg?stp=dst-jpg_e35_tt6&amp;_nc_cat=100&amp;ccb=7-5&amp;_nc_sid=18de74&amp;efg=eyJlZmdfdGFnIjoiRkVFRC5iZXN0X2ltYWdlX3VybGdlbi5DMyJ9&amp;_nc_ohc=nXfJN0JYVBQQ7kNvwEiykkG&amp;_nc_oc=AdoR4WxQNxOhF84bAg0pf0wl4Vodv4U5wPwFfaG3t8nCU2RHwyLdN_Mqu3OQvJ7Prik&amp;_nc_zt=23&amp;_nc_ht=scontent.cdninstagram.com&amp;edm=ANo9K5cEAAAA&amp;_nc_gid=EJSJPwlEAQ3kkbAfiLiV_w&amp;_nc_tpa=Q5bMBQFmb1xKGCjv9jqWssx9mRozKDb753uMsiC2Kzrusqh3YiGnkJqfI2Vh7ENmNajUkf6sS2GvREr2Fg&amp;oh=00_Af7oYmXxUHqKfC_RCr67WRrwgvGYfquAZgDH8to0-GlM5g&amp;oe=6A0A4FCD&quot;}\">\n\t\t\t<span class=\"sbi-screenreader\">V\u00e4lkommen p\u00e5 ett extrapass med Ullis!\n\n#shapeup #s<\/span>\n\t\t\t\t\t\t\t\t\t<img decoding=\"async\" src=\"https:\/\/shapeup.se\/wp-content\/plugins\/instagram-feed\/img\/placeholder.png\" alt=\"V\u00e4lkommen p\u00e5 ett extrapass med Ullis!\n\n#shapeup #shapeuptran\u00e5s #tr\u00e4ningsgl\u00e4dje\" aria-hidden=\"true\">\n\t\t<\/a>\n\t<\/div>\n<\/div><div class=\"sbi_item sbi_type_image sbi_new sbi_transition\"\n\tid=\"sbi_17889575313269040\" data-date=\"1766395050\">\n\t<div class=\"sbi_photo_wrap\">\n\t\t<a class=\"sbi_photo\" href=\"https:\/\/www.instagram.com\/p\/DSj3bC2iBZO\/\" target=\"_blank\" rel=\"noopener nofollow\"\n\t\t\tdata-full-res=\"https:\/\/scontent.cdninstagram.com\/v\/t51.82787-15\/604518168_18550538011006916_4738611316298865739_n.jpg?stp=dst-jpg_e35_tt6&#038;_nc_cat=108&#038;ccb=7-5&#038;_nc_sid=18de74&#038;efg=eyJlZmdfdGFnIjoiRkVFRC5iZXN0X2ltYWdlX3VybGdlbi5DMyJ9&#038;_nc_ohc=hZKyYodMT6QQ7kNvwGa2Rkd&#038;_nc_oc=AdqtvIShKvMn2hHppywuhgeonTySzXoKoLDKeu71xaQGXgrZOx2xwtX-Xlpv0ZLPkDc&#038;_nc_zt=23&#038;_nc_ht=scontent.cdninstagram.com&#038;edm=ANo9K5cEAAAA&#038;_nc_gid=EJSJPwlEAQ3kkbAfiLiV_w&#038;_nc_tpa=Q5bMBQEO23v2QpAqOB_vFB7sYmepvIPOv1krF5GjeR5MAuKhNh_fxLy7LSdCG4pLwMIfS_pC1Ti3uMaAwQ&#038;oh=00_Af7AnN-J-mUaEGbHztSDfrYQiyxFFY4AMZ-28WRWBnF1kw&#038;oe=6A0A2D0B\"\n\t\t\tdata-img-src-set=\"{&quot;d&quot;:&quot;https:\\\/\\\/scontent.cdninstagram.com\\\/v\\\/t51.82787-15\\\/604518168_18550538011006916_4738611316298865739_n.jpg?stp=dst-jpg_e35_tt6&amp;_nc_cat=108&amp;ccb=7-5&amp;_nc_sid=18de74&amp;efg=eyJlZmdfdGFnIjoiRkVFRC5iZXN0X2ltYWdlX3VybGdlbi5DMyJ9&amp;_nc_ohc=hZKyYodMT6QQ7kNvwGa2Rkd&amp;_nc_oc=AdqtvIShKvMn2hHppywuhgeonTySzXoKoLDKeu71xaQGXgrZOx2xwtX-Xlpv0ZLPkDc&amp;_nc_zt=23&amp;_nc_ht=scontent.cdninstagram.com&amp;edm=ANo9K5cEAAAA&amp;_nc_gid=EJSJPwlEAQ3kkbAfiLiV_w&amp;_nc_tpa=Q5bMBQEO23v2QpAqOB_vFB7sYmepvIPOv1krF5GjeR5MAuKhNh_fxLy7LSdCG4pLwMIfS_pC1Ti3uMaAwQ&amp;oh=00_Af7AnN-J-mUaEGbHztSDfrYQiyxFFY4AMZ-28WRWBnF1kw&amp;oe=6A0A2D0B&quot;,&quot;150&quot;:&quot;https:\\\/\\\/scontent.cdninstagram.com\\\/v\\\/t51.82787-15\\\/604518168_18550538011006916_4738611316298865739_n.jpg?stp=dst-jpg_e35_tt6&amp;_nc_cat=108&amp;ccb=7-5&amp;_nc_sid=18de74&amp;efg=eyJlZmdfdGFnIjoiRkVFRC5iZXN0X2ltYWdlX3VybGdlbi5DMyJ9&amp;_nc_ohc=hZKyYodMT6QQ7kNvwGa2Rkd&amp;_nc_oc=AdqtvIShKvMn2hHppywuhgeonTySzXoKoLDKeu71xaQGXgrZOx2xwtX-Xlpv0ZLPkDc&amp;_nc_zt=23&amp;_nc_ht=scontent.cdninstagram.com&amp;edm=ANo9K5cEAAAA&amp;_nc_gid=EJSJPwlEAQ3kkbAfiLiV_w&amp;_nc_tpa=Q5bMBQEO23v2QpAqOB_vFB7sYmepvIPOv1krF5GjeR5MAuKhNh_fxLy7LSdCG4pLwMIfS_pC1Ti3uMaAwQ&amp;oh=00_Af7AnN-J-mUaEGbHztSDfrYQiyxFFY4AMZ-28WRWBnF1kw&amp;oe=6A0A2D0B&quot;,&quot;320&quot;:&quot;https:\\\/\\\/scontent.cdninstagram.com\\\/v\\\/t51.82787-15\\\/604518168_18550538011006916_4738611316298865739_n.jpg?stp=dst-jpg_e35_tt6&amp;_nc_cat=108&amp;ccb=7-5&amp;_nc_sid=18de74&amp;efg=eyJlZmdfdGFnIjoiRkVFRC5iZXN0X2ltYWdlX3VybGdlbi5DMyJ9&amp;_nc_ohc=hZKyYodMT6QQ7kNvwGa2Rkd&amp;_nc_oc=AdqtvIShKvMn2hHppywuhgeonTySzXoKoLDKeu71xaQGXgrZOx2xwtX-Xlpv0ZLPkDc&amp;_nc_zt=23&amp;_nc_ht=scontent.cdninstagram.com&amp;edm=ANo9K5cEAAAA&amp;_nc_gid=EJSJPwlEAQ3kkbAfiLiV_w&amp;_nc_tpa=Q5bMBQEO23v2QpAqOB_vFB7sYmepvIPOv1krF5GjeR5MAuKhNh_fxLy7LSdCG4pLwMIfS_pC1Ti3uMaAwQ&amp;oh=00_Af7AnN-J-mUaEGbHztSDfrYQiyxFFY4AMZ-28WRWBnF1kw&amp;oe=6A0A2D0B&quot;,&quot;640&quot;:&quot;https:\\\/\\\/scontent.cdninstagram.com\\\/v\\\/t51.82787-15\\\/604518168_18550538011006916_4738611316298865739_n.jpg?stp=dst-jpg_e35_tt6&amp;_nc_cat=108&amp;ccb=7-5&amp;_nc_sid=18de74&amp;efg=eyJlZmdfdGFnIjoiRkVFRC5iZXN0X2ltYWdlX3VybGdlbi5DMyJ9&amp;_nc_ohc=hZKyYodMT6QQ7kNvwGa2Rkd&amp;_nc_oc=AdqtvIShKvMn2hHppywuhgeonTySzXoKoLDKeu71xaQGXgrZOx2xwtX-Xlpv0ZLPkDc&amp;_nc_zt=23&amp;_nc_ht=scontent.cdninstagram.com&amp;edm=ANo9K5cEAAAA&amp;_nc_gid=EJSJPwlEAQ3kkbAfiLiV_w&amp;_nc_tpa=Q5bMBQEO23v2QpAqOB_vFB7sYmepvIPOv1krF5GjeR5MAuKhNh_fxLy7LSdCG4pLwMIfS_pC1Ti3uMaAwQ&amp;oh=00_Af7AnN-J-mUaEGbHztSDfrYQiyxFFY4AMZ-28WRWBnF1kw&amp;oe=6A0A2D0B&quot;}\">\n\t\t\t<span class=\"sbi-screenreader\">Instagram post 17889575313269040<\/span>\n\t\t\t\t\t\t\t\t\t<img decoding=\"async\" src=\"https:\/\/shapeup.se\/wp-content\/plugins\/instagram-feed\/img\/placeholder.png\" alt=\"Instagram post 17889575313269040\" aria-hidden=\"true\">\n\t\t<\/a>\n\t<\/div>\n<\/div><div class=\"sbi_item sbi_type_image sbi_new sbi_transition\"\n\tid=\"sbi_17907418335236905\" data-date=\"1758626099\">\n\t<div class=\"sbi_photo_wrap\">\n\t\t<a class=\"sbi_photo\" href=\"https:\/\/www.instagram.com\/p\/DO8VUzeCF2i\/\" target=\"_blank\" rel=\"noopener nofollow\"\n\t\t\tdata-full-res=\"https:\/\/scontent.cdninstagram.com\/v\/t51.82787-15\/552511304_18531698893006916_738260808426158196_n.jpg?stp=dst-jpg_e35_tt6&#038;_nc_cat=101&#038;ccb=7-5&#038;_nc_sid=18de74&#038;efg=eyJlZmdfdGFnIjoiRkVFRC5iZXN0X2ltYWdlX3VybGdlbi5DMyJ9&#038;_nc_ohc=FcqxC8gRMVMQ7kNvwE9-E3o&#038;_nc_oc=Adoc2AkzzB9IxgVVs2YaGz90Hh-GD3ssy4kW_ZDyu1udy6-vH9M230HAoAAc03Ce-m0&#038;_nc_zt=23&#038;_nc_ht=scontent.cdninstagram.com&#038;edm=ANo9K5cEAAAA&#038;_nc_gid=EJSJPwlEAQ3kkbAfiLiV_w&#038;_nc_tpa=Q5bMBQG-4Hvr4HprSMRfY4CueGhZBCaEDe_iCNC4N8f1-jg7DhiYrsexbmF0XKnj0btOZcQ1Bl3989KtBg&#038;oh=00_Af4TxnrdNQgrWRYqzFwJLoy5l44XlkyUb1TLTisrxuT9yw&#038;oe=6A0A3EBA\"\n\t\t\tdata-img-src-set=\"{&quot;d&quot;:&quot;https:\\\/\\\/scontent.cdninstagram.com\\\/v\\\/t51.82787-15\\\/552511304_18531698893006916_738260808426158196_n.jpg?stp=dst-jpg_e35_tt6&amp;_nc_cat=101&amp;ccb=7-5&amp;_nc_sid=18de74&amp;efg=eyJlZmdfdGFnIjoiRkVFRC5iZXN0X2ltYWdlX3VybGdlbi5DMyJ9&amp;_nc_ohc=FcqxC8gRMVMQ7kNvwE9-E3o&amp;_nc_oc=Adoc2AkzzB9IxgVVs2YaGz90Hh-GD3ssy4kW_ZDyu1udy6-vH9M230HAoAAc03Ce-m0&amp;_nc_zt=23&amp;_nc_ht=scontent.cdninstagram.com&amp;edm=ANo9K5cEAAAA&amp;_nc_gid=EJSJPwlEAQ3kkbAfiLiV_w&amp;_nc_tpa=Q5bMBQG-4Hvr4HprSMRfY4CueGhZBCaEDe_iCNC4N8f1-jg7DhiYrsexbmF0XKnj0btOZcQ1Bl3989KtBg&amp;oh=00_Af4TxnrdNQgrWRYqzFwJLoy5l44XlkyUb1TLTisrxuT9yw&amp;oe=6A0A3EBA&quot;,&quot;150&quot;:&quot;https:\\\/\\\/scontent.cdninstagram.com\\\/v\\\/t51.82787-15\\\/552511304_18531698893006916_738260808426158196_n.jpg?stp=dst-jpg_e35_tt6&amp;_nc_cat=101&amp;ccb=7-5&amp;_nc_sid=18de74&amp;efg=eyJlZmdfdGFnIjoiRkVFRC5iZXN0X2ltYWdlX3VybGdlbi5DMyJ9&amp;_nc_ohc=FcqxC8gRMVMQ7kNvwE9-E3o&amp;_nc_oc=Adoc2AkzzB9IxgVVs2YaGz90Hh-GD3ssy4kW_ZDyu1udy6-vH9M230HAoAAc03Ce-m0&amp;_nc_zt=23&amp;_nc_ht=scontent.cdninstagram.com&amp;edm=ANo9K5cEAAAA&amp;_nc_gid=EJSJPwlEAQ3kkbAfiLiV_w&amp;_nc_tpa=Q5bMBQG-4Hvr4HprSMRfY4CueGhZBCaEDe_iCNC4N8f1-jg7DhiYrsexbmF0XKnj0btOZcQ1Bl3989KtBg&amp;oh=00_Af4TxnrdNQgrWRYqzFwJLoy5l44XlkyUb1TLTisrxuT9yw&amp;oe=6A0A3EBA&quot;,&quot;320&quot;:&quot;https:\\\/\\\/scontent.cdninstagram.com\\\/v\\\/t51.82787-15\\\/552511304_18531698893006916_738260808426158196_n.jpg?stp=dst-jpg_e35_tt6&amp;_nc_cat=101&amp;ccb=7-5&amp;_nc_sid=18de74&amp;efg=eyJlZmdfdGFnIjoiRkVFRC5iZXN0X2ltYWdlX3VybGdlbi5DMyJ9&amp;_nc_ohc=FcqxC8gRMVMQ7kNvwE9-E3o&amp;_nc_oc=Adoc2AkzzB9IxgVVs2YaGz90Hh-GD3ssy4kW_ZDyu1udy6-vH9M230HAoAAc03Ce-m0&amp;_nc_zt=23&amp;_nc_ht=scontent.cdninstagram.com&amp;edm=ANo9K5cEAAAA&amp;_nc_gid=EJSJPwlEAQ3kkbAfiLiV_w&amp;_nc_tpa=Q5bMBQG-4Hvr4HprSMRfY4CueGhZBCaEDe_iCNC4N8f1-jg7DhiYrsexbmF0XKnj0btOZcQ1Bl3989KtBg&amp;oh=00_Af4TxnrdNQgrWRYqzFwJLoy5l44XlkyUb1TLTisrxuT9yw&amp;oe=6A0A3EBA&quot;,&quot;640&quot;:&quot;https:\\\/\\\/scontent.cdninstagram.com\\\/v\\\/t51.82787-15\\\/552511304_18531698893006916_738260808426158196_n.jpg?stp=dst-jpg_e35_tt6&amp;_nc_cat=101&amp;ccb=7-5&amp;_nc_sid=18de74&amp;efg=eyJlZmdfdGFnIjoiRkVFRC5iZXN0X2ltYWdlX3VybGdlbi5DMyJ9&amp;_nc_ohc=FcqxC8gRMVMQ7kNvwE9-E3o&amp;_nc_oc=Adoc2AkzzB9IxgVVs2YaGz90Hh-GD3ssy4kW_ZDyu1udy6-vH9M230HAoAAc03Ce-m0&amp;_nc_zt=23&amp;_nc_ht=scontent.cdninstagram.com&amp;edm=ANo9K5cEAAAA&amp;_nc_gid=EJSJPwlEAQ3kkbAfiLiV_w&amp;_nc_tpa=Q5bMBQG-4Hvr4HprSMRfY4CueGhZBCaEDe_iCNC4N8f1-jg7DhiYrsexbmF0XKnj0btOZcQ1Bl3989KtBg&amp;oh=00_Af4TxnrdNQgrWRYqzFwJLoy5l44XlkyUb1TLTisrxuT9yw&amp;oe=6A0A3EBA&quot;}\">\n\t\t\t<span class=\"sbi-screenreader\">V\u00e4lkomna till ett nytt pass! \nCrossbike - Interval<\/span>\n\t\t\t\t\t\t\t\t\t<img decoding=\"async\" src=\"https:\/\/shapeup.se\/wp-content\/plugins\/instagram-feed\/img\/placeholder.png\" alt=\"V\u00e4lkomna till ett nytt pass! \nCrossbike - Intervalltr\u00e4ning p\u00e5 cykel samt p\u00e5 matta med egen kroppsvikt och redskap. Tisdagar kl 17:30-18:30 \n\n#shapeup #shapeuptran\u00e5s #tr\u00e4ningsgl\u00e4dje\" aria-hidden=\"true\">\n\t\t<\/a>\n\t<\/div>\n<\/div>\t<\/div>\n\n\t<div id=\"sbi_load\" >\n\n\t\t\t<button class=\"sbi_load_btn\"\n\t\t\ttype=\"button\" >\n\t\t\t<span class=\"sbi_btn_text\" >Load More...<\/span>\n\t\t\t<span class=\"sbi_loader sbi_hidden\" style=\"background-color: rgb(255, 255, 255);\" aria-hidden=\"true\"><\/span>\n\t\t<\/button>\n\t\n\t\t\t<span class=\"sbi_follow_btn\" >\n\t\t\t<a target=\"_blank\"\n\t\t\t\trel=\"nofollow noopener\"  href=\"https:\/\/www.instagram.com\/shapeuptranas\/\">\n\t\t\t\t<svg class=\"svg-inline--fa fa-instagram fa-w-14\" aria-hidden=\"true\" data-fa-processed=\"\" aria-label=\"Instagram\" data-prefix=\"fab\" data-icon=\"instagram\" role=\"img\" viewBox=\"0 0 448 512\">\n                    <path fill=\"currentColor\" d=\"M224.1 141c-63.6 0-114.9 51.3-114.9 114.9s51.3 114.9 114.9 114.9S339 319.5 339 255.9 287.7 141 224.1 141zm0 189.6c-41.1 0-74.7-33.5-74.7-74.7s33.5-74.7 74.7-74.7 74.7 33.5 74.7 74.7-33.6 74.7-74.7 74.7zm146.4-194.3c0 14.9-12 26.8-26.8 26.8-14.9 0-26.8-12-26.8-26.8s12-26.8 26.8-26.8 26.8 12 26.8 26.8zm76.1 27.2c-1.7-35.9-9.9-67.7-36.2-93.9-26.2-26.2-58-34.4-93.9-36.2-37-2.1-147.9-2.1-184.9 0-35.8 1.7-67.6 9.9-93.9 36.1s-34.4 58-36.2 93.9c-2.1 37-2.1 147.9 0 184.9 1.7 35.9 9.9 67.7 36.2 93.9s58 34.4 93.9 36.2c37 2.1 147.9 2.1 184.9 0 35.9-1.7 67.7-9.9 93.9-36.2 26.2-26.2 34.4-58 36.2-93.9 2.1-37 2.1-147.8 0-184.8zM398.8 388c-7.8 19.6-22.9 34.7-42.6 42.6-29.5 11.7-99.5 9-132.1 9s-102.7 2.6-132.1-9c-19.6-7.8-34.7-22.9-42.6-42.6-11.7-29.5-9-99.5-9-132.1s-2.6-102.7 9-132.1c7.8-19.6 22.9-34.7 42.6-42.6 29.5-11.7 99.5-9 132.1-9s102.7-2.6 132.1 9c19.6 7.8 34.7 22.9 42.6 42.6 11.7 29.5 9 99.5 9 132.1s2.7 102.7-9 132.1z\"><\/path>\n                <\/svg>\t\t\t\t<span>Follow on Instagram<\/span>\n\t\t\t<\/a>\n\t\t<\/span>\n\t\n<\/div>\n\t\t<span class=\"sbi_resized_image_data\" data-feed-id=\"*1\"\n\t\t  data-resized=\"{&quot;17907418335236905&quot;:{&quot;id&quot;:&quot;error&quot;,&quot;ratio&quot;:&quot;1.00&quot;,&quot;sizes&quot;:{&quot;full&quot;:640,&quot;low&quot;:320,&quot;thumb&quot;:150},&quot;extension&quot;:&quot;.jpg&quot;},&quot;17889575313269040&quot;:{&quot;id&quot;:&quot;error&quot;,&quot;ratio&quot;:&quot;1.00&quot;,&quot;sizes&quot;:{&quot;full&quot;:640,&quot;low&quot;:320,&quot;thumb&quot;:150},&quot;extension&quot;:&quot;.jpg&quot;},&quot;18197217640331146&quot;:{&quot;id&quot;:&quot;error&quot;,&quot;ratio&quot;:&quot;1.00&quot;,&quot;sizes&quot;:{&quot;full&quot;:640,&quot;low&quot;:320,&quot;thumb&quot;:150},&quot;extension&quot;:&quot;.jpg&quot;},&quot;18062618681343659&quot;:{&quot;id&quot;:&quot;error&quot;,&quot;ratio&quot;:&quot;1.00&quot;,&quot;sizes&quot;:{&quot;full&quot;:640,&quot;low&quot;:320,&quot;thumb&quot;:150},&quot;extension&quot;:&quot;.jpg&quot;}}\">\n\t<\/span>\n\t<\/div>\n\n\n","protected":false},"excerpt":{"rendered":"<p>V\u00e4lkommen till gymmet! Egen tr\u00e4ning och \/eller grupptr\u00e4ning Se g\u00e4llande schema &gt;&gt; Boka pass p\u00e5 bokningssidan &gt;&gt; Om Bokningsappen &gt;&gt; &nbsp; &nbsp;<\/p>\n","protected":false},"author":1,"featured_media":0,"parent":0,"menu_order":0,"comment_status":"closed","ping_status":"closed","template":"sidebar-page.php","meta":{"_bbp_topic_count":0,"_bbp_reply_count":0,"_bbp_total_topic_count":0,"_bbp_total_reply_count":0,"_bbp_voice_count":0,"_bbp_anonymous_reply_count":0,"_bbp_topic_count_hidden":0,"_bbp_reply_count_hidden":0,"_bbp_forum_subforum_count":0,"footnotes":""},"class_list":["post-162","page","type-page","status-publish","hentry"],"_links":{"self":[{"href":"https:\/\/shapeup.se\/index.php?rest_route=\/wp\/v2\/pages\/162","targetHints":{"allow":["GET"]}}],"collection":[{"href":"https:\/\/shapeup.se\/index.php?rest_route=\/wp\/v2\/pages"}],"about":[{"href":"https:\/\/shapeup.se\/index.php?rest_route=\/wp\/v2\/types\/page"}],"author":[{"embeddable":true,"href":"https:\/\/shapeup.se\/index.php?rest_route=\/wp\/v2\/users\/1"}],"replies":[{"embeddable":true,"href":"https:\/\/shapeup.se\/index.php?rest_route=%2Fwp%2Fv2%2Fcomments&post=162"}],"version-history":[{"count":323,"href":"https:\/\/shapeup.se\/index.php?rest_route=\/wp\/v2\/pages\/162\/revisions"}],"predecessor-version":[{"id":2074,"href":"https:\/\/shapeup.se\/index.php?rest_route=\/wp\/v2\/pages\/162\/revisions\/2074"}],"wp:attachment":[{"href":"https:\/\/shapeup.se\/index.php?rest_route=%2Fwp%2Fv2%2Fmedia&parent=162"}],"curies":[{"name":"wp","href":"https:\/\/api.w.org\/{rel}","templated":true}]}}