{"id":1947,"date":"2021-10-26T18:50:09","date_gmt":"2021-10-26T16:50:09","guid":{"rendered":"https:\/\/shapeup.se\/?page_id=1947"},"modified":"2026-02-06T12:48:12","modified_gmt":"2026-02-06T11:48:12","slug":"boka-via-appen","status":"publish","type":"page","link":"https:\/\/shapeup.se\/?page_id=1947","title":{"rendered":"H\u00e4mta och Boka via appen"},"content":{"rendered":"<h1><strong>Installera bokningsappen p\u00e5 mobilen, <\/strong><span style=\"color: #000000;\"><strong>ni hittar den p\u00e5 f\u00f6ljande l\u00e4nkar:<\/strong><\/span><\/h1>\n<p><span style=\"color: #000000;\"><strong><a style=\"color: #000000;\" href=\"https:\/\/play.google.com\/store\/apps\/details?id=se.brpsystems.mobility\">Android &gt;&gt;<\/a><\/strong><\/span><\/p>\n<p><span style=\"color: #000000;\"><strong><a style=\"color: #000000;\" href=\"https:\/\/apps.apple.com\/se\/app\/go-active\/id1553273081\">Iphone &gt;&gt;\u00a0<\/a><\/strong><\/span><\/p>\n<p><span style=\"color: #000000;\"><strong>Id\/leverant\u00f6rskod f\u00f6r Shape Up \u00e4r 115400\u00a0<\/strong><\/span><\/p>\n<p><span style=\"color: #000000;\"><strong>Anv\u00e4ndarnamn = mailadress ( som ni l\u00e4mnat till Shape Up )<br \/>\noch l\u00f6senord = f\u00f6delsedatum ( \u00e5\u00e5mmdd )<\/strong><\/span><\/p>\n<p><a href=\"https:\/\/media.shapeup.se\/2021\/10\/BRP-Android.jpg\"><img loading=\"lazy\" decoding=\"async\" class=\"alignleft wp-image-1948\" src=\"https:\/\/media.shapeup.se\/2021\/10\/BRP-Android-300x295.jpg\" alt=\"\" width=\"235\" height=\"231\" srcset=\"https:\/\/media.shapeup.se\/2021\/10\/BRP-Android-300x295.jpg 300w, https:\/\/media.shapeup.se\/2021\/10\/BRP-Android-305x300.jpg 305w, https:\/\/media.shapeup.se\/2021\/10\/BRP-Android.jpg 589w\" sizes=\"auto, (max-width: 235px) 100vw, 235px\" \/><\/a><a href=\"https:\/\/media.shapeup.se\/2021\/10\/BRP-IPhone.jpg\"><img loading=\"lazy\" decoding=\"async\" class=\"alignleft wp-image-1949\" src=\"https:\/\/media.shapeup.se\/2021\/10\/BRP-IPhone-209x300.jpg\" alt=\"\" width=\"166\" height=\"234\" \/><\/a><\/p>\n<p>&nbsp;<\/p>\n<p>&nbsp;<\/p>\n<p>&nbsp;<\/p>\n<p>&nbsp;<\/p>\n<p>&nbsp;<\/p>\n<p>&nbsp;<\/p>\n<p>&nbsp;<\/p>\n","protected":false},"excerpt":{"rendered":"<p>Installera bokningsappen p\u00e5 mobilen, ni hittar den p\u00e5 f\u00f6ljande l\u00e4nkar: Android &gt;&gt; Iphone &gt;&gt;\u00a0 Id\/leverant\u00f6rskod f\u00f6r Shape Up \u00e4r 115400\u00a0 Anv\u00e4ndarnamn = mailadress ( som ni l\u00e4mnat till Shape Up ) och l\u00f6senord = f\u00f6delsedatum ( \u00e5\u00e5mmdd ) &nbsp; &nbsp; &hellip; <a href=\"https:\/\/shapeup.se\/?page_id=1947\">Forts\u00e4tt l\u00e4sa <span class=\"meta-nav\">&rarr;<\/span><\/a><\/p>\n","protected":false},"author":1,"featured_media":0,"parent":0,"menu_order":0,"comment_status":"closed","ping_status":"closed","template":"","meta":{"_bbp_topic_count":0,"_bbp_reply_count":0,"_bbp_total_topic_count":0,"_bbp_total_reply_count":0,"_bbp_voice_count":0,"_bbp_anonymous_reply_count":0,"_bbp_topic_count_hidden":0,"_bbp_reply_count_hidden":0,"_bbp_forum_subforum_count":0,"footnotes":""},"class_list":["post-1947","page","type-page","status-publish","hentry"],"_links":{"self":[{"href":"https:\/\/shapeup.se\/index.php?rest_route=\/wp\/v2\/pages\/1947","targetHints":{"allow":["GET"]}}],"collection":[{"href":"https:\/\/shapeup.se\/index.php?rest_route=\/wp\/v2\/pages"}],"about":[{"href":"https:\/\/shapeup.se\/index.php?rest_route=\/wp\/v2\/types\/page"}],"author":[{"embeddable":true,"href":"https:\/\/shapeup.se\/index.php?rest_route=\/wp\/v2\/users\/1"}],"replies":[{"embeddable":true,"href":"https:\/\/shapeup.se\/index.php?rest_route=%2Fwp%2Fv2%2Fcomments&post=1947"}],"version-history":[{"count":6,"href":"https:\/\/shapeup.se\/index.php?rest_route=\/wp\/v2\/pages\/1947\/revisions"}],"predecessor-version":[{"id":2195,"href":"https:\/\/shapeup.se\/index.php?rest_route=\/wp\/v2\/pages\/1947\/revisions\/2195"}],"wp:attachment":[{"href":"https:\/\/shapeup.se\/index.php?rest_route=%2Fwp%2Fv2%2Fmedia&parent=1947"}],"curies":[{"name":"wp","href":"https:\/\/api.w.org\/{rel}","templated":true}]}}