{"id":2015,"date":"2022-07-08T15:03:36","date_gmt":"2022-07-08T13:03:36","guid":{"rendered":"https:\/\/shapeup.se\/?page_id=2015"},"modified":"2022-07-08T15:14:04","modified_gmt":"2022-07-08T13:14:04","slug":"integritetspolicy","status":"publish","type":"page","link":"https:\/\/shapeup.se\/?page_id=2015","title":{"rendered":"Integritetspolicy"},"content":{"rendered":"<h1><strong>COOKIES OCH GDPR<\/strong><\/h1>\n<p>Vi p\u00e5 Shape Up i Tran\u00e5s \u00e4r m\u00e5na om din personliga integritet. H\u00e4r ber\u00e4ttar vi hur vi behandlar dina personuppgifter och hur du kommer i kontakt med oss om du vill \u00e4ndra eller f\u00e5 mer information om vi hanterar dina personuppgifter.<\/p>\n<p>P\u00e5 v\u00e5r hemsida anv\u00e4nder vi \u201ccookies\u201d, som \u00e4r sm\u00e5 datafiler som lagras p\u00e5 din dator f\u00f6r anv\u00e4ndning med din webbl\u00e4sare. Cookies anv\u00e4nds p\u00e5 denna sida f\u00f6r att ge dig som anv\u00e4ndare \u00e5tkomst till funktioner som finns p\u00e5 sidan.<\/p>\n<p>Genom att godk\u00e4nna anv\u00e4ndarvillkoren samt genom \u00e5tkomst till och anv\u00e4ndning av webbplatsen samtycker du till anv\u00e4ndningen av cookies. Samtycket kan \u00e4ven l\u00e4mnas genom inst\u00e4llningar som du har gjort i din webbl\u00e4sare. Om du inte vill acceptera cookies kan du inaktivera funktionen i din webbl\u00e4sare. Observera att utan cookies kan webbsidans funktioner f\u00f6rs\u00e4mras.<\/p>\n<p>GDPR (General Data Protection Regulation) \u00e4r en EU-f\u00f6rordning som b\u00f6rjade g\u00e4lla i hela EU den 25 maj 2018. GDPR ers\u00e4tter den svenska Personuppgiftslagen.<\/p>\n<h2><strong>Vi p\u00e5 Shape Up hanterar dina personuppgifter p\u00e5 f\u00f6ljande s\u00e4tt enligt GDPR:<\/strong><\/h2>\n<p>Samtycket \u00e4r frivilligt och kan alltid \u00e5terkallas. Du har alltid r\u00e4tt att f\u00e5 dina personuppgifter r\u00e4ttade eller raderade.<\/p>\n<p>Shape Up i Tran\u00e5s behandlar personuppgifter f\u00f6r anst\u00e4llda, kunder och leverant\u00f6rer. Personuppgifterna lagras och hanteras i olika system och anv\u00e4nds vid medlemskap p\u00e5 gymmet, tr\u00e4ningskort, passbokning, fakturering, l\u00f6nehantering och bokf\u00f6ring. Uppgifterna som lagras \u00e4r bland annat namn, adress, telefonnummer, E-postadress och personnummer.<\/p>\n<p><strong>Kontakta oss om du vill \u00e4ndra n\u00e5got, antingen kan du skicka ett meddelande genom att fylla i formul\u00e4ret h\u00e4r nedan eller s\u00e5 kan du<br \/>\nringa Malin 073-540 50 05 eller Christer 076-297 96 87<br \/>\n<\/strong><\/p>\n<div id=\"zcmail\"><form action=\"\" method=\"post\"><fieldset><input type=\"text\" size=\"40\" name=\"zcmail[name]\" value=\"Namn\" onfocus=\"if(this.value=='Namn'){this.value=''};\"  onblur=\"if(this.value==''){this.value='Namn'}\"  class=\"zcmail_text\" \/><input type=\"text\" size=\"40\" name=\"zcmail[from]\" value=\"E-post\" onfocus=\"if(this.value=='E-post'){this.value=''};\"  onblur=\"if(this.value==''){this.value='E-post'}\"  class=\"zcmail_text\" \/><input type=\"text\" size=\"40\" name=\"zcmail[subject]\" value=\"Telefon\" onfocus=\"if(this.value=='Telefon'){this.value=''};\"  onblur=\"if(this.value==''){this.value='Telefon'}\"  class=\"zcmail_text\" \/><textarea rows=\"10\" cols=\"50\" name=\"zcmail[body]\" class=\"zcmail_textarea\"  onfocus=\"if(this.value=='Meddelande'){this.value=''};\"  onblur=\"if(this.value==''){this.value='Meddelande'}\" >Meddelande<\/textarea>\n<input type=\"submit\" id=\"submit\" value=\"Skicka\" class=\"zcmail_submit\" \/>\n<input type=\"text\" name=\"zcmail[honeypot]\" value=\"\" style=\"display:none;\" \/><\/fieldset><\/form><\/div>\n<p><strong><br \/>\n<a href=\"https:\/\/www.datainspektionen.se\/vagledningar\/en-introduktion-till-dataskyddsforordningen\/\">L\u00e4s mer om GDPR p\u00e5 Datainspektiones sida &gt;&gt;<\/a><\/strong><\/p>\n<p><a href=\"https:\/\/pts.se\/sv\/privat\/internet\/integritet\/kakor-cookies\/\"><strong>L\u00e4s mer om Cookies\/Kakor &gt;&gt;<\/strong><\/a><\/p>\n","protected":false},"excerpt":{"rendered":"<p>COOKIES OCH GDPR Vi p\u00e5 Shape Up i Tran\u00e5s \u00e4r m\u00e5na om din personliga integritet. H\u00e4r ber\u00e4ttar vi hur vi behandlar dina personuppgifter och hur du kommer i kontakt med oss om du vill \u00e4ndra eller f\u00e5 mer information om &hellip; <a href=\"https:\/\/shapeup.se\/?page_id=2015\">Forts\u00e4tt l\u00e4sa <span class=\"meta-nav\">&rarr;<\/span><\/a><\/p>\n","protected":false},"author":1,"featured_media":0,"parent":0,"menu_order":0,"comment_status":"closed","ping_status":"closed","template":"","meta":{"_bbp_topic_count":0,"_bbp_reply_count":0,"_bbp_total_topic_count":0,"_bbp_total_reply_count":0,"_bbp_voice_count":0,"_bbp_anonymous_reply_count":0,"_bbp_topic_count_hidden":0,"_bbp_reply_count_hidden":0,"_bbp_forum_subforum_count":0,"footnotes":""},"class_list":["post-2015","page","type-page","status-publish","hentry"],"_links":{"self":[{"href":"https:\/\/shapeup.se\/index.php?rest_route=\/wp\/v2\/pages\/2015","targetHints":{"allow":["GET"]}}],"collection":[{"href":"https:\/\/shapeup.se\/index.php?rest_route=\/wp\/v2\/pages"}],"about":[{"href":"https:\/\/shapeup.se\/index.php?rest_route=\/wp\/v2\/types\/page"}],"author":[{"embeddable":true,"href":"https:\/\/shapeup.se\/index.php?rest_route=\/wp\/v2\/users\/1"}],"replies":[{"embeddable":true,"href":"https:\/\/shapeup.se\/index.php?rest_route=%2Fwp%2Fv2%2Fcomments&post=2015"}],"version-history":[{"count":11,"href":"https:\/\/shapeup.se\/index.php?rest_route=\/wp\/v2\/pages\/2015\/revisions"}],"predecessor-version":[{"id":2031,"href":"https:\/\/shapeup.se\/index.php?rest_route=\/wp\/v2\/pages\/2015\/revisions\/2031"}],"wp:attachment":[{"href":"https:\/\/shapeup.se\/index.php?rest_route=%2Fwp%2Fv2%2Fmedia&parent=2015"}],"curies":[{"name":"wp","href":"https:\/\/api.w.org\/{rel}","templated":true}]}}